{"id":501,"date":"2020-06-04T20:50:53","date_gmt":"2020-06-04T18:50:53","guid":{"rendered":"http:\/\/www.kratos.pl\/?page_id=501"},"modified":"2021-03-27T09:50:20","modified_gmt":"2021-03-27T08:50:20","slug":"regionalny-program-operacyjny-wojewodztwa-opolskiego-na-lata-2014-2020","status":"publish","type":"page","link":"http:\/\/www.kratos.pl\/en\/regionalny-program-operacyjny-wojewodztwa-opolskiego-na-lata-2014-2020\/","title":{"rendered":"Regionalny Program Operacyjny Wojew\u00f3dztwa Opolskiego na lata 2014-2020"},"content":{"rendered":"<p><img loading=\"lazy\" decoding=\"async\" class=\"aligncenter wp-image-503 size-full\" src=\"http:\/\/www.kratos.pl\/wp-content\/uploads\/2020\/06\/Kratos_flagi.jpg\" alt=\"\" width=\"1374\" height=\"130\" srcset=\"http:\/\/www.kratos.pl\/wp-content\/uploads\/2020\/06\/Kratos_flagi.jpg 1374w, http:\/\/www.kratos.pl\/wp-content\/uploads\/2020\/06\/Kratos_flagi-300x28.jpg 300w, http:\/\/www.kratos.pl\/wp-content\/uploads\/2020\/06\/Kratos_flagi-768x73.jpg 768w, http:\/\/www.kratos.pl\/wp-content\/uploads\/2020\/06\/Kratos_flagi-1024x97.jpg 1024w, http:\/\/www.kratos.pl\/wp-content\/uploads\/2020\/06\/Kratos_flagi-150x14.jpg 150w, http:\/\/www.kratos.pl\/wp-content\/uploads\/2020\/06\/Kratos_flagi-197x19.jpg 197w\" sizes=\"auto, (max-width: 1374px) 100vw, 1374px\" \/><\/p>\n<p style=\"text-align: center;\"><strong>KRATOS POLSKA SP\u00d3\u0141KA Z OGRANICZON\u0104 ODPOWIEDZIALNO\u015aCI\u0104<br \/>\nrealizuje projekt dofinansowany z Funduszy Europejskich pn.<br \/>\n\u201eBadania w firmie KRATOS Polska Sp. o.o. nad opracowaniem technologii oczyszczania aluminium pochodz\u0105cego z proces\u00f3w obr\u00f3bczych w celu wykorzystania do produkcji otulin\u00a0<\/strong><strong>egzotermicznych.\u201d<br \/>\nNr projektu: RPOP.01.01.00-16-0021\/20<\/strong><\/p>\n<p><strong>I O\u015b priorytetowa<\/strong>: Innowacje w Gospodarce<br \/>\n<strong>Dzia\u0142anie<\/strong> 1.1: Innowacje w przedsi\u0119biorstwach<br \/>\n<strong>OKRES REALIZACJI PROJEKTU<\/strong>: 2021-01-01 \u2013 2022-09-30<br \/>\n<strong>CA\u0141KOWITA WARTO\u015a\u0106 PROJEKTU<\/strong>: 2\u00a0089\u00a0965,00 PLN<br \/>\n<strong>WARTO\u015a\u0106 DOFINANSOWNIA<\/strong>: 1\u00a0497\u00a0038,00 PLN<\/p>\n<p>G\u0142\u00f3wnym celem projektu &#8220;Badania w firmie KRATOS Polska Sp. o.o. nad opracowaniem technologii oczyszczania aluminium pochodz\u0105cego z proces\u00f3w obr\u00f3bczych w celu wykorzystania do produkcji otulin egzotermicznych.&#8221; jest zwi\u0119kszenie aktywno\u015bci B+R firmy Kratos Polska Sp. o.o. poprzez opracowanie technologii oczyszczania aluminium pochodz\u0105cego z proces\u00f3w obr\u00f3bczych w celu wykorzystania do produkcji otulin egzotermicznych, kt\u00f3ra zostanie zaimplementowana w prototypie instalacji. Projekt polega na:<\/p>\n<ol>\n<li>Zdobyciu nowej wiedzy podczas bada\u0144 przemys\u0142owych dotycz\u0105cych opracowania technologii oczyszczania aluminium pochodz\u0105cego z proces\u00f3w obr\u00f3bki metali, kt\u00f3ra zostanie zaimplementowana w prototypie instalacjido\u015bwiadczalnej.<\/li>\n<li>Potwierdzeniu zdobytej wiedzy w pracach rozwojowych pozwalaj\u0105cych na wypracowanie i przetestowanie w warunkach rzeczywistych technologii oczyszczania aluminium pochodz\u0105cego z proces\u00f3w obr\u00f3bki metali.<\/li>\n<\/ol>\n<p>Rezultatem przeprowadzonych bada\u0144 przemys\u0142owych oraz rozwojowych b\u0119dzie stworzenie innowacyjnej na skal\u0119 \u015bwiata technologii oczyszczania aluminium pochodz\u0105cego z obr\u00f3bki metali, kt\u00f3ra zostanie zaimplementowana w instalacji do\u015bwiadczalnej oczyszczaj\u0105cej o wydajno\u015bci 100-250kg na godzin\u0119.<\/p>\n<p><img loading=\"lazy\" decoding=\"async\" class=\"alignleft wp-image-504 \" src=\"http:\/\/www.kratos.pl\/wp-content\/uploads\/2020\/06\/Kratos_opolskiedlarodziny.png\" alt=\"\" width=\"207\" height=\"107\" \/><\/p>\n<p>&nbsp;<\/p>\n<p>&nbsp;<\/p>\n<p>&nbsp;<\/p>\n<hr \/>\n<p><img loading=\"lazy\" decoding=\"async\" class=\"aligncenter wp-image-503 size-full\" src=\"http:\/\/www.kratos.pl\/wp-content\/uploads\/2020\/06\/Kratos_flagi.jpg\" alt=\"\" width=\"1374\" height=\"130\" srcset=\"http:\/\/www.kratos.pl\/wp-content\/uploads\/2020\/06\/Kratos_flagi.jpg 1374w, http:\/\/www.kratos.pl\/wp-content\/uploads\/2020\/06\/Kratos_flagi-300x28.jpg 300w, http:\/\/www.kratos.pl\/wp-content\/uploads\/2020\/06\/Kratos_flagi-768x73.jpg 768w, http:\/\/www.kratos.pl\/wp-content\/uploads\/2020\/06\/Kratos_flagi-1024x97.jpg 1024w, http:\/\/www.kratos.pl\/wp-content\/uploads\/2020\/06\/Kratos_flagi-150x14.jpg 150w, http:\/\/www.kratos.pl\/wp-content\/uploads\/2020\/06\/Kratos_flagi-197x19.jpg 197w\" sizes=\"auto, (max-width: 1374px) 100vw, 1374px\" \/><\/p>\n<p style=\"text-align: center;\"><strong>KRATOS POLSKA SP\u00d3\u0141KA Z OGRANICZON\u0104 ODPOWIEDZIALNO\u015aCI\u0104<br \/>\n<\/strong><strong>realizuje projekt dofinansowany z\u00a0Funduszy Europejskich pn.<br \/>\n<\/strong><strong>\u201eRozw\u00f3j technologii informacyjnych i komunikacyjnych w firmie KRATOS POLSKA Sp. z o.o.\u201d<br \/>\n<\/strong><strong>Nr projektu: RPOP.02.01.02-16-0054\/19<\/strong><\/p>\n<p><strong>\u00a0<\/strong><\/p>\n<h5><strong>Regionalny Program Operacyjny Wojew\u00f3dztwa Opolskiego na lata 2014-2020<\/strong><\/h5>\n<p>&nbsp;<\/p>\n<p><strong>II O\u015b priorytetowa:<\/strong> Konkurencyjna Gospodarka<br \/>\n<strong>Dzia\u0142anie:<\/strong> 2.1 Nowe produkty i us\u0142ugi w MSP<br \/>\n<strong>Poddzia\u0142anie:<\/strong> 2.1.2 Wsparcie TIK w przedsi\u0119biorstwach<br \/>\n<strong>OKRES REALIZACJI PROJEKTU:<\/strong> 2020-04-01 \u2013 2021-04-30<br \/>\n<strong>CA\u0141KOWITA WARTO\u015a\u0106 PROJEKTU:<\/strong> 389 653,43 PLN<br \/>\n<strong>WARTO\u015a\u0106 DOFINANSOWNIA:<\/strong> 272 757,40 PLN<\/p>\n<p>&nbsp;<\/p>\n<p>Celem projektu jest wzrost konkurencyjno\u015bci poprzez wsparcie i rozw\u00f3j technologii informacyjno-<br \/>\nkomunikacyjnych w dzia\u0142alno\u015bci Kratos Polska Sp. z o.o.<\/p>\n<p>&nbsp;<\/p>\n<h5><strong>Rezultatem realizacji projektu b\u0119dzie:<\/strong><\/h5>\n<p>&nbsp;<\/p>\n<ul>\n<li>modernizacja wszystkich proces\u00f3w biznesowych przedsi\u0119biorstwa i wzrost ich efektywno\u015bci poprzez wdro\u017cenie nowoczesnego zintegrowanego systemu ERP, co prze\u0142o\u017cy si\u0119 na ni\u017csze koszty dzia\u0142alno\u015bci (pracoch\u0142onno\u015b\u0107 i materia\u0142och\u0142onno\u015b\u0107, optymalizacja stan\u00f3w magazynowych, poprawa rotacji zapas\u00f3w),<\/li>\n<li>wzrost zastosowania TIK w przedsi\u0119biorstwie poprzez obj\u0119cie wszystkich proces\u00f3w biznesowych projektem, &#8211; aktualno\u015b\u0107 kluczowych danych niezb\u0119dnych do \u015bwiadczenia us\u0142ug, dost\u0119pnych w miejscu ich \u015bwiadczenia,<\/li>\n<li>wzrost bezpiecze\u0144stwa przechowywanej dokumentacji poprzez zwi\u0119kszenie zakresu przetwarzanych danych w jednym systemie ERP,<\/li>\n<li>wzrost niezawodno\u015bci systemu poprzez nowe funkcjonalno\u015bci automatyzuj\u0105ce i wspomagaj\u0105ce funkcjonowanie poszczeg\u00f3lnych proces\u00f3w biznesowych.<\/li>\n<\/ul>\n<p><img loading=\"lazy\" decoding=\"async\" class=\"alignleft wp-image-504 \" src=\"http:\/\/www.kratos.pl\/wp-content\/uploads\/2020\/06\/Kratos_opolskiedlarodziny.png\" alt=\"\" width=\"207\" height=\"107\" \/><\/p>\n<p>&nbsp;<\/p>\n<p>&nbsp;<\/p>\n<p>&nbsp;<\/p>\n<p>&nbsp;<\/p>\n<p>&nbsp;<\/p>\n<p>Link do bazy konkurencyjno\u015bci:\u00a0<a href=\"https:\/\/bazakonkurencyjnosci.funduszeeuropejskie.gov.pl\/\" target=\"_blank\" rel=\"noopener noreferrer\" data-saferedirecturl=\"https:\/\/www.google.com\/url?q=https:\/\/bazakonkurencyjnosci.funduszeeuropejskie.gov.pl\/&#038;source=gmail&#038;ust=1607106123068000&#038;usg=AFQjCNE2BqGymChwhb2ySbZLrw-PRWQGRA\">https:\/\/bazakonkurencyjnosci.<wbr \/>funduszeeuropejskie.gov.pl\/<\/a><\/p>\n","protected":false},"excerpt":{"rendered":"<p>KRATOS POLSKA SP\u00d3\u0141KA Z OGRANICZON\u0104 ODPOWIEDZIALNO\u015aCI\u0104 realizuje projekt dofinansowany z Funduszy Europejskich pn. \u201eBadania w firmie KRATOS Polska Sp. o.o. nad opracowaniem technologii oczyszczania aluminium pochodz\u0105cego z proces\u00f3w obr\u00f3bczych w celu wykorzystania do produkcji otulin\u00a0egzotermicznych.\u201d Nr projektu: RPOP.01.01.00-16-0021\/20 I O\u015b priorytetowa: Innowacje w Gospodarce Dzia\u0142anie 1.1: Innowacje w przedsi\u0119biorstwach OKRES REALIZACJI PROJEKTU: 2021-01-01 \u2013 2022-09-30 [&#8230;]<\/p>\n<p><a class=\"btn btn-outline-dark\" href=\"http:\/\/www.kratos.pl\/en\/regionalny-program-operacyjny-wojewodztwa-opolskiego-na-lata-2014-2020\/\">Read More&#8230;<\/a><\/p>\n","protected":false},"author":1,"featured_media":0,"parent":0,"menu_order":0,"comment_status":"closed","ping_status":"closed","template":"","meta":{"footnotes":""},"class_list":["post-501","page","type-page","status-publish","hentry"],"_links":{"self":[{"href":"http:\/\/www.kratos.pl\/en\/wp-json\/wp\/v2\/pages\/501","targetHints":{"allow":["GET"]}}],"collection":[{"href":"http:\/\/www.kratos.pl\/en\/wp-json\/wp\/v2\/pages"}],"about":[{"href":"http:\/\/www.kratos.pl\/en\/wp-json\/wp\/v2\/types\/page"}],"author":[{"embeddable":true,"href":"http:\/\/www.kratos.pl\/en\/wp-json\/wp\/v2\/users\/1"}],"replies":[{"embeddable":true,"href":"http:\/\/www.kratos.pl\/en\/wp-json\/wp\/v2\/comments?post=501"}],"version-history":[{"count":17,"href":"http:\/\/www.kratos.pl\/en\/wp-json\/wp\/v2\/pages\/501\/revisions"}],"predecessor-version":[{"id":524,"href":"http:\/\/www.kratos.pl\/en\/wp-json\/wp\/v2\/pages\/501\/revisions\/524"}],"wp:attachment":[{"href":"http:\/\/www.kratos.pl\/en\/wp-json\/wp\/v2\/media?parent=501"}],"curies":[{"name":"wp","href":"https:\/\/api.w.org\/{rel}","templated":true}]}}