{"id":26,"date":"2018-02-02T20:23:39","date_gmt":"2018-02-02T19:23:39","guid":{"rendered":"http:\/\/192.168.1.2\/kratos\/?page_id=26"},"modified":"2019-08-12T14:38:12","modified_gmt":"2019-08-12T12:38:12","slug":"strona-glowna-kafelki","status":"publish","type":"page","link":"https:\/\/www.kratos.pl\/en\/","title":{"rendered":"Tre\u015b\u0107 na stronie g\u0142\u00f3wnej"},"content":{"rendered":"","protected":false},"excerpt":{"rendered":"<p> [&#8230;]<\/p>\n<p><a class=\"btn btn-outline-dark\" href=\"https:\/\/www.kratos.pl\/en\/\">Read More&#8230;<\/a><\/p>\n","protected":false},"author":1,"featured_media":0,"parent":0,"menu_order":1,"comment_status":"closed","ping_status":"closed","template":"","meta":{"footnotes":""},"class_list":["post-26","page","type-page","status-publish","hentry"],"_links":{"self":[{"href":"https:\/\/www.kratos.pl\/en\/wp-json\/wp\/v2\/pages\/26","targetHints":{"allow":["GET"]}}],"collection":[{"href":"https:\/\/www.kratos.pl\/en\/wp-json\/wp\/v2\/pages"}],"about":[{"href":"https:\/\/www.kratos.pl\/en\/wp-json\/wp\/v2\/types\/page"}],"author":[{"embeddable":true,"href":"https:\/\/www.kratos.pl\/en\/wp-json\/wp\/v2\/users\/1"}],"replies":[{"embeddable":true,"href":"https:\/\/www.kratos.pl\/en\/wp-json\/wp\/v2\/comments?post=26"}],"version-history":[{"count":54,"href":"https:\/\/www.kratos.pl\/en\/wp-json\/wp\/v2\/pages\/26\/revisions"}],"predecessor-version":[{"id":486,"href":"https:\/\/www.kratos.pl\/en\/wp-json\/wp\/v2\/pages\/26\/revisions\/486"}],"wp:attachment":[{"href":"https:\/\/www.kratos.pl\/en\/wp-json\/wp\/v2\/media?parent=26"}],"curies":[{"name":"wp","href":"https:\/\/api.w.org\/{rel}","templated":true}]}}